{"id":632,"date":"2021-08-09T09:40:07","date_gmt":"2021-08-09T09:40:07","guid":{"rendered":"https:\/\/mbrcare.com\/historia\/"},"modified":"2024-05-16T08:21:04","modified_gmt":"2024-05-16T08:21:04","slug":"historia","status":"publish","type":"page","link":"https:\/\/mbrcare.com\/es\/historia\/","title":{"rendered":"Historia"},"content":{"rendered":"","protected":false},"excerpt":{"rendered":"","protected":false},"author":1,"featured_media":0,"parent":0,"menu_order":0,"comment_status":"closed","ping_status":"closed","template":"","meta":{"inline_featured_image":false,"footnotes":""},"class_list":["post-632","page","type-page","status-publish","hentry"],"yoast_head":"<!-- This site is optimized with the Yoast SEO plugin v27.0 - https:\/\/yoast.com\/product\/yoast-seo-wordpress\/ -->\n<title>Historia - MBR\u00ae MEDICAL BEAUTY RESEARCH USA Official Website<\/title>\n<meta name=\"description\" content=\"Desde el a\u00f1o 2000, MBR\u00ae ha sido pionera en los productos dermac\u00e9uticos de gama alta m\u00e1s eficaces y es reconocida por su intensa investigaci\u00f3n de la belleza.\" \/>\n<meta name=\"robots\" content=\"index, follow, max-snippet:-1, max-image-preview:large, max-video-preview:-1\" \/>\n<link rel=\"canonical\" href=\"https:\/\/mbrcare.com\/es\/historia\/\" \/>\n<meta property=\"og:locale\" content=\"es_ES\" \/>\n<meta property=\"og:type\" content=\"article\" \/>\n<meta property=\"og:title\" content=\"Historia - MBR\u00ae MEDICAL BEAUTY RESEARCH USA Official Website\" \/>\n<meta property=\"og:description\" content=\"Desde el a\u00f1o 2000, MBR\u00ae ha sido pionera en los productos dermac\u00e9uticos de gama alta m\u00e1s eficaces y es reconocida por su intensa investigaci\u00f3n de la belleza.\" \/>\n<meta property=\"og:url\" content=\"https:\/\/mbrcare.com\/es\/historia\/\" \/>\n<meta property=\"og:site_name\" content=\"MBR\u00ae MEDICAL BEAUTY RESEARCH USA Official Website\" \/>\n<meta property=\"article:modified_time\" content=\"2024-05-16T08:21:04+00:00\" \/>\n<meta name=\"twitter:card\" content=\"summary_large_image\" \/>\n<script type=\"application\/ld+json\" class=\"yoast-schema-graph\">{\"@context\":\"https:\/\/schema.org\",\"@graph\":[{\"@type\":\"WebPage\",\"@id\":\"https:\/\/mbrcare.com\/es\/historia\/\",\"url\":\"https:\/\/mbrcare.com\/es\/historia\/\",\"name\":\"Historia - MBR\u00ae MEDICAL BEAUTY RESEARCH USA Official Website\",\"isPartOf\":{\"@id\":\"https:\/\/mbrcare.com\/es\/#website\"},\"datePublished\":\"2021-08-09T09:40:07+00:00\",\"dateModified\":\"2024-05-16T08:21:04+00:00\",\"description\":\"Desde el a\u00f1o 2000, MBR\u00ae ha sido pionera en los productos dermac\u00e9uticos de gama alta m\u00e1s eficaces y es reconocida por su intensa investigaci\u00f3n de la belleza.\",\"breadcrumb\":{\"@id\":\"https:\/\/mbrcare.com\/es\/historia\/#breadcrumb\"},\"inLanguage\":\"es\",\"potentialAction\":[{\"@type\":\"ReadAction\",\"target\":[\"https:\/\/mbrcare.com\/es\/historia\/\"]}]},{\"@type\":\"BreadcrumbList\",\"@id\":\"https:\/\/mbrcare.com\/es\/historia\/#breadcrumb\",\"itemListElement\":[{\"@type\":\"ListItem\",\"position\":1,\"name\":\"Startseite\",\"item\":\"https:\/\/mbrcare.com\/es\/\"},{\"@type\":\"ListItem\",\"position\":2,\"name\":\"Historia\"}]},{\"@type\":\"WebSite\",\"@id\":\"https:\/\/mbrcare.com\/es\/#website\",\"url\":\"https:\/\/mbrcare.com\/es\/\",\"name\":\"MBR\u00ae MEDICAL BEAUTY RESEARCH USA Official Website\",\"description\":\"Discover the Alchemy of Beauty\",\"publisher\":{\"@id\":\"https:\/\/mbrcare.com\/es\/#organization\"},\"potentialAction\":[{\"@type\":\"SearchAction\",\"target\":{\"@type\":\"EntryPoint\",\"urlTemplate\":\"https:\/\/mbrcare.com\/es\/?s={search_term_string}\"},\"query-input\":{\"@type\":\"PropertyValueSpecification\",\"valueRequired\":true,\"valueName\":\"search_term_string\"}}],\"inLanguage\":\"es\"},{\"@type\":\"Organization\",\"@id\":\"https:\/\/mbrcare.com\/es\/#organization\",\"name\":\"MBR\u00ae MEDICAL BEAUTY RESEARCH USA Official Website\",\"url\":\"https:\/\/mbrcare.com\/es\/\",\"logo\":{\"@type\":\"ImageObject\",\"inLanguage\":\"es\",\"@id\":\"https:\/\/mbrcare.com\/es\/#\/schema\/logo\/image\/\",\"url\":\"https:\/\/mbrcare.com\/wp-content\/uploads\/2022\/06\/mbr-logo.svg\",\"contentUrl\":\"https:\/\/mbrcare.com\/wp-content\/uploads\/2022\/06\/mbr-logo.svg\",\"caption\":\"MBR\u00ae MEDICAL BEAUTY RESEARCH USA Official Website\"},\"image\":{\"@id\":\"https:\/\/mbrcare.com\/es\/#\/schema\/logo\/image\/\"}}]}<\/script>\n<!-- \/ Yoast SEO plugin. -->","yoast_head_json":{"title":"Historia - MBR\u00ae MEDICAL BEAUTY RESEARCH USA Official Website","description":"Desde el a\u00f1o 2000, MBR\u00ae ha sido pionera en los productos dermac\u00e9uticos de gama alta m\u00e1s eficaces y es reconocida por su intensa investigaci\u00f3n de la belleza.","robots":{"index":"index","follow":"follow","max-snippet":"max-snippet:-1","max-image-preview":"max-image-preview:large","max-video-preview":"max-video-preview:-1"},"canonical":"https:\/\/mbrcare.com\/es\/historia\/","og_locale":"es_ES","og_type":"article","og_title":"Historia - MBR\u00ae MEDICAL BEAUTY RESEARCH USA Official Website","og_description":"Desde el a\u00f1o 2000, MBR\u00ae ha sido pionera en los productos dermac\u00e9uticos de gama alta m\u00e1s eficaces y es reconocida por su intensa investigaci\u00f3n de la belleza.","og_url":"https:\/\/mbrcare.com\/es\/historia\/","og_site_name":"MBR\u00ae MEDICAL BEAUTY RESEARCH USA Official Website","article_modified_time":"2024-05-16T08:21:04+00:00","twitter_card":"summary_large_image","schema":{"@context":"https:\/\/schema.org","@graph":[{"@type":"WebPage","@id":"https:\/\/mbrcare.com\/es\/historia\/","url":"https:\/\/mbrcare.com\/es\/historia\/","name":"Historia - MBR\u00ae MEDICAL BEAUTY RESEARCH USA Official Website","isPartOf":{"@id":"https:\/\/mbrcare.com\/es\/#website"},"datePublished":"2021-08-09T09:40:07+00:00","dateModified":"2024-05-16T08:21:04+00:00","description":"Desde el a\u00f1o 2000, MBR\u00ae ha sido pionera en los productos dermac\u00e9uticos de gama alta m\u00e1s eficaces y es reconocida por su intensa investigaci\u00f3n de la belleza.","breadcrumb":{"@id":"https:\/\/mbrcare.com\/es\/historia\/#breadcrumb"},"inLanguage":"es","potentialAction":[{"@type":"ReadAction","target":["https:\/\/mbrcare.com\/es\/historia\/"]}]},{"@type":"BreadcrumbList","@id":"https:\/\/mbrcare.com\/es\/historia\/#breadcrumb","itemListElement":[{"@type":"ListItem","position":1,"name":"Startseite","item":"https:\/\/mbrcare.com\/es\/"},{"@type":"ListItem","position":2,"name":"Historia"}]},{"@type":"WebSite","@id":"https:\/\/mbrcare.com\/es\/#website","url":"https:\/\/mbrcare.com\/es\/","name":"MBR\u00ae MEDICAL BEAUTY RESEARCH USA Official Website","description":"Discover the Alchemy of Beauty","publisher":{"@id":"https:\/\/mbrcare.com\/es\/#organization"},"potentialAction":[{"@type":"SearchAction","target":{"@type":"EntryPoint","urlTemplate":"https:\/\/mbrcare.com\/es\/?s={search_term_string}"},"query-input":{"@type":"PropertyValueSpecification","valueRequired":true,"valueName":"search_term_string"}}],"inLanguage":"es"},{"@type":"Organization","@id":"https:\/\/mbrcare.com\/es\/#organization","name":"MBR\u00ae MEDICAL BEAUTY RESEARCH USA Official Website","url":"https:\/\/mbrcare.com\/es\/","logo":{"@type":"ImageObject","inLanguage":"es","@id":"https:\/\/mbrcare.com\/es\/#\/schema\/logo\/image\/","url":"https:\/\/mbrcare.com\/wp-content\/uploads\/2022\/06\/mbr-logo.svg","contentUrl":"https:\/\/mbrcare.com\/wp-content\/uploads\/2022\/06\/mbr-logo.svg","caption":"MBR\u00ae MEDICAL BEAUTY RESEARCH USA Official Website"},"image":{"@id":"https:\/\/mbrcare.com\/es\/#\/schema\/logo\/image\/"}}]}},"_links":{"self":[{"href":"https:\/\/mbrcare.com\/es\/wp-json\/wp\/v2\/pages\/632","targetHints":{"allow":["GET"]}}],"collection":[{"href":"https:\/\/mbrcare.com\/es\/wp-json\/wp\/v2\/pages"}],"about":[{"href":"https:\/\/mbrcare.com\/es\/wp-json\/wp\/v2\/types\/page"}],"author":[{"embeddable":true,"href":"https:\/\/mbrcare.com\/es\/wp-json\/wp\/v2\/users\/1"}],"replies":[{"embeddable":true,"href":"https:\/\/mbrcare.com\/es\/wp-json\/wp\/v2\/comments?post=632"}],"version-history":[{"count":1,"href":"https:\/\/mbrcare.com\/es\/wp-json\/wp\/v2\/pages\/632\/revisions"}],"predecessor-version":[{"id":633,"href":"https:\/\/mbrcare.com\/es\/wp-json\/wp\/v2\/pages\/632\/revisions\/633"}],"wp:attachment":[{"href":"https:\/\/mbrcare.com\/es\/wp-json\/wp\/v2\/media?parent=632"}],"curies":[{"name":"wp","href":"https:\/\/api.w.org\/{rel}","templated":true}]}}